{"id":6,"date":"2018-10-05T18:08:58","date_gmt":"2018-10-05T16:08:58","guid":{"rendered":"https:\/\/sprachschuletextfrankfurt.wordpress.com\/?page_id=3"},"modified":"2019-07-29T20:25:35","modified_gmt":"2019-07-29T20:25:35","slug":"kontakt","status":"publish","type":"page","link":"https:\/\/text-frankfurt.de\/?page_id=6","title":{"rendered":"Kontakt"},"content":{"rendered":"<p><img loading=\"lazy\" decoding=\"async\" class=\"alignleft\" style=\"margin-top: 0;\" src=\"http:\/\/text-frankfurt.de\/wp-content\/uploads\/2019\/03\/blume.jpg\" alt=\"Frau Manuela Blume ber\u00e4t Sie gerne, welcher Kurs zu Ihrem besten Erfolg beitr\u00e4gt\" width=\"418\" height=\"368\" \/><strong>Am Telefon ber\u00e4t Sie Manuela Blume<\/strong><\/p>\n<p align=\"left\">F\u00fcr weitere Informationen stehen wir Ihnen jederzeit gerne zur Verf\u00fcgung. Rufen Sie uns an unter (+49) 69 &#8211; 34700530 &#8211; wir rufen gerne zur\u00fcck &#8211; oder senden Sie uns eine <span style=\"color: #999999;\"><a style=\"background-color: #ffffff; color: #999999;\" href=\"mailto:info@text-frankfurt.de\">e-mail<\/a><\/span><\/p>\n\n\n<p><\/p>\n","protected":false},"excerpt":{"rendered":"<p>Am Telefon ber\u00e4t Sie Manuela Blume F\u00fcr weitere Informationen stehen wir Ihnen jederzeit gerne zur Verf\u00fcgung. Rufen Sie uns an unter (+49) 69 &#8211; 34700530 &#8211; wir rufen gerne zur\u00fcck &#8211; oder senden Sie uns eine e-mail<\/p>\n","protected":false},"author":1,"featured_media":0,"parent":0,"menu_order":2,"comment_status":"closed","ping_status":"closed","template":"","meta":{"footnotes":""},"class_list":["post-6","page","type-page","status-publish","hentry"],"_links":{"self":[{"href":"https:\/\/text-frankfurt.de\/index.php?rest_route=\/wp\/v2\/pages\/6","targetHints":{"allow":["GET"]}}],"collection":[{"href":"https:\/\/text-frankfurt.de\/index.php?rest_route=\/wp\/v2\/pages"}],"about":[{"href":"https:\/\/text-frankfurt.de\/index.php?rest_route=\/wp\/v2\/types\/page"}],"author":[{"embeddable":true,"href":"https:\/\/text-frankfurt.de\/index.php?rest_route=\/wp\/v2\/users\/1"}],"replies":[{"embeddable":true,"href":"https:\/\/text-frankfurt.de\/index.php?rest_route=%2Fwp%2Fv2%2Fcomments&post=6"}],"version-history":[{"count":4,"href":"https:\/\/text-frankfurt.de\/index.php?rest_route=\/wp\/v2\/pages\/6\/revisions"}],"predecessor-version":[{"id":248,"href":"https:\/\/text-frankfurt.de\/index.php?rest_route=\/wp\/v2\/pages\/6\/revisions\/248"}],"wp:attachment":[{"href":"https:\/\/text-frankfurt.de\/index.php?rest_route=%2Fwp%2Fv2%2Fmedia&parent=6"}],"curies":[{"name":"wp","href":"https:\/\/api.w.org\/{rel}","templated":true}]}}