{"id":174,"date":"2019-03-15T19:51:41","date_gmt":"2019-03-15T18:51:41","guid":{"rendered":"https:\/\/sprachschuletextfrankfurt.wordpress.com\/?page_id=174"},"modified":"2019-03-15T19:51:41","modified_gmt":"2019-03-15T18:51:41","slug":"datenschutz","status":"publish","type":"page","link":"https:\/\/text-frankfurt.de\/?page_id=174","title":{"rendered":"Datenschutz"},"content":{"rendered":"\n<p>Der Schutz Ihrer pers\u00f6nlichen Daten ist uns sehr wichtig,\ndaher nehmen wir den Schutz Ihrer Daten sehr ernst. Alle Ihre personenbezogenen\nDaten behandeln wir vertraulich und entsprechend den gesetzlichen\nDatenschutzvorschriften sowie dieser Datenschutzerkl\u00e4rung.<\/p>\n\n\n\n<p>Nutzung unseres Webauftrittes<\/p>\n\n\n\n<p>Die Nutzung unseres Webauftrittes ist ohne Angabe\npersonenbezogener Daten m\u00f6glich. Soweit hier personenbezogene Daten\n(beispielsweise Name, Anschrift oder E-Mail-Adressen) erhoben werden, erfolgt\ndies, soweit m\u00f6glich, stets auf freiwilliger Basis. Diese Daten geben wir ohne\nIhre ausdr\u00fcckliche Zustimmung nicht an Dritte weiter.<\/p>\n\n\n\n<p>Wir weisen darauf hin, dass die Daten\u00fcbertragung im Internet\n(z. B. bei der Kommunikation per E-Mail) Sicherheitsl\u00fccken aufweisen kann. Ein\nl\u00fcckenloser Schutz von Daten vor dem Zugriff durch Dritte ist grunds\u00e4tzlich\nnicht m\u00f6glich.<\/p>\n\n\n\n<h4 class=\"wp-block-heading\">Cookies<\/h4>\n\n\n\n<p>Die Internetseiten verwenden im Normalfall keine Cookies.<\/p>\n\n\n\n<p>Sollten Cookies Verwendung finden, sind es so genannte\n\u201eSession-Cookies\u201c. Sie werden nach Ende Ihres Besuchs automatisch gel\u00f6scht.<\/p>\n\n\n\n<p>Sie k\u00f6nnen Ihren Browser so einstellen, dass Sie \u00fcber das\nSetzen von Cookies informiert werden und Cookies nur im Einzelfall erlauben,\ndie Annahme von Cookies f\u00fcr bestimmte F\u00e4lle oder generell ausschlie\u00dfen sowie\ndas automatische L\u00f6schen der Cookies beim Schlie\u00dfen des Browsers aktivieren.<\/p>\n\n\n\n<h4 class=\"wp-block-heading\">Server-Log-Files \/ Webstatistik<\/h4>\n\n\n\n<p>Der Provider der Seiten erhebt und speichert automatisch\nInformationen in so genannten Server-Log Files, die Ihr Browser automatisch an\nuns \u00fcbermittelt. Dies sind:<\/p>\n\n\n\n<p>\u2022IP-Adresse des anfragenden Rechners<\/p>\n\n\n\n<p>\u2022Name und Adresse (URL) der aufgerufenen Datei<\/p>\n\n\n\n<p>\u2022Datum und Uhrzeit des Zugriffs<\/p>\n\n\n\n<p>\u2022\u00fcbertragene Datenmenge<\/p>\n\n\n\n<p>\u2022Meldung, ob der Abruf erfolgreich war<\/p>\n\n\n\n<p>\u2022Erkennungsdaten des verwendeten Browsers und\nBetriebssystems des anfragenden Rechners<\/p>\n\n\n\n<p>\u2022Adresse (URL) des verweisenden Webauftritts, falls der\nZugriff \u00fcber einen Link erfolgte, und zus\u00e4tzlich Suchbegriff, falls der Zugriff\n\u00fcber eine Suchmaschine erfolgte<\/p>\n\n\n\n<p>Diese Daten sind nicht bestimmten Personen zuordenbar. Eine\nZusammenf\u00fchrung dieser Daten mit anderen Datenquellen wird nicht vorgenommen.\nWir behalten uns vor, diese Daten nachtr\u00e4glich zu pr\u00fcfen, wenn uns konkrete\nAnhaltspunkte f\u00fcr eine rechtswidrige Nutzung bekannt werden.<\/p>\n\n\n\n<h4 class=\"wp-block-heading\">SSL-Verschl\u00fcsselung<\/h4>\n\n\n\n<p>Dieser Webauftritt fragt keine Daten ab. Es gibt kein\nWebformular. Sie treten mit uns per Telefon in Kontakt oder Sie schreiben uns\neine Mail.<\/p>\n\n\n\n<h4 class=\"wp-block-heading\">Links zu anderen Webangeboten<\/h4>\n\n\n\n<p>Auf unseren Seiten finden Sie ggf. auch Links zu anderen\nWebauftritten. Diese Links haben wir zur Zeit der Aufnahme in unseren\nWebauftritt sorgf\u00e4ltig gepr\u00fcft. Bitte informieren Sie uns, falls es mit einer\nVerlinkung ein Problem geben sollte. Wir haben jedoch keinen Einfluss darauf,\nwie deren Betreiber die Datenschutzbestimmungen einhalten, bitte informieren\nSie sich auf den verlinkten Seiten dazu.<\/p>\n\n\n\n<h4 class=\"wp-block-heading\">Recht auf Auskunft, L\u00f6schung, Sperrung<\/h4>\n\n\n\n<p>Sie haben jederzeit das Recht auf unentgeltliche Auskunft\n\u00fcber Ihre gespeicherten personenbezogenen Daten, deren Herkunft und Empf\u00e4nger\nund den Zweck der Datenverarbeitung sowie ein Recht auf Berichtigung, Sperrung\noder L\u00f6schung dieser Daten. Hierzu sowie zu weiteren Fragen zum Thema\npersonenbezogene Daten k\u00f6nnen Sie sich jederzeit unter der im Impressum angegebenen\nAdresse an uns wenden.<\/p>\n\n\n\n<h4 class=\"wp-block-heading\">Widerspruch Werbe-Mails<\/h4>\n\n\n\n<p>Der Nutzung von im Rahmen der Impressumspflicht\nver\u00f6ffentlichten Kontaktdaten zur \u00dcbersendung von nicht ausdr\u00fccklich\nangeforderter Werbung und Informationsmaterialien wird hiermit widersprochen.\nWir behalten uns ausdr\u00fccklich rechtliche Schritte im Falle der unverlangten\nZusendung von Werbeinformationen, etwa durch Spam-E-Mails, vor. Siehe\nImpressum.<\/p>\n\n\n\n<p><strong>Quelle bzw. unter Zuhilfenahme von: eRecht24<\/strong><\/p>\n\n\n\n<p>F\u00fcr weitere Informationen stehen wir Ihnen jederzeit gerne\nzur Verf\u00fcgung. Rufen Sie uns an oder senden Sie uns eine e-mail<\/p>\n","protected":false},"excerpt":{"rendered":"<p>Der Schutz Ihrer pers\u00f6nlichen Daten ist uns sehr wichtig, daher nehmen wir den Schutz Ihrer Daten sehr ernst. Alle Ihre personenbezogenen Daten behandeln wir vertraulich und entsprechend den gesetzlichen Datenschutzvorschriften sowie dieser Datenschutzerkl\u00e4rung. Nutzung unseres Webauftrittes Die Nutzung unseres Webauftrittes ist ohne Angabe personenbezogener Daten m\u00f6glich. Soweit hier personenbezogene Daten (beispielsweise Name, Anschrift oder E-Mail-Adressen)&hellip; <a class=\"more-link\" href=\"https:\/\/text-frankfurt.de\/?page_id=174\"><span class=\"screen-reader-text\">Datenschutz<\/span> weiterlesen <span class=\"meta-nav\" aria-hidden=\"true\">&rarr;<\/span><\/a><\/p>\n","protected":false},"author":1,"featured_media":0,"parent":0,"menu_order":0,"comment_status":"closed","ping_status":"closed","template":"","meta":{"footnotes":""},"class_list":["post-174","page","type-page","status-publish","hentry"],"_links":{"self":[{"href":"https:\/\/text-frankfurt.de\/index.php?rest_route=\/wp\/v2\/pages\/174","targetHints":{"allow":["GET"]}}],"collection":[{"href":"https:\/\/text-frankfurt.de\/index.php?rest_route=\/wp\/v2\/pages"}],"about":[{"href":"https:\/\/text-frankfurt.de\/index.php?rest_route=\/wp\/v2\/types\/page"}],"author":[{"embeddable":true,"href":"https:\/\/text-frankfurt.de\/index.php?rest_route=\/wp\/v2\/users\/1"}],"replies":[{"embeddable":true,"href":"https:\/\/text-frankfurt.de\/index.php?rest_route=%2Fwp%2Fv2%2Fcomments&post=174"}],"version-history":[{"count":1,"href":"https:\/\/text-frankfurt.de\/index.php?rest_route=\/wp\/v2\/pages\/174\/revisions"}],"predecessor-version":[{"id":210,"href":"https:\/\/text-frankfurt.de\/index.php?rest_route=\/wp\/v2\/pages\/174\/revisions\/210"}],"wp:attachment":[{"href":"https:\/\/text-frankfurt.de\/index.php?rest_route=%2Fwp%2Fv2%2Fmedia&parent=174"}],"curies":[{"name":"wp","href":"https:\/\/api.w.org\/{rel}","templated":true}]}}