{"id":171,"date":"2019-03-15T19:48:14","date_gmt":"2019-03-15T18:48:14","guid":{"rendered":"https:\/\/sprachschuletextfrankfurt.wordpress.com\/?page_id=171"},"modified":"2019-03-15T19:48:14","modified_gmt":"2019-03-15T18:48:14","slug":"impressum","status":"publish","type":"page","link":"https:\/\/text-frankfurt.de\/?page_id=171","title":{"rendered":"Impressum"},"content":{"rendered":"\n<p>Gem\u00e4\u00df \u00a7 28 BDSG widerspreche ich jeder kommerziellen\nVerwendung und Weitergabe meiner Daten.<\/p>\n\n\n\n<p>Verantwortungsbereich: Das Impressum gilt nur f\u00fcr die Internetpr\u00e4senz unter der Adresse: http:\/\/www.text-frankfurt.de sowie https:\/\/sprachschuletextfrankfurt.wordpress.com\/<\/p>\n\n\n\n<p>Abgrenzung: Die Web-Pr\u00e4senz ist Teil des WWW und\ndementsprechend mit fremden, sich jederzeit wandeln k\u00f6nnenden Web-Sites\nverkn\u00fcpft, die folglich auch nicht diesem Verantwortungsbereich unterliegen und\nf\u00fcr die nachfolgende Informationen nicht gelten. Dass die Links weder gegen\nSitten noch Gesetze versto\u00dfen, wurde genau ein mal gepr\u00fcft: bevor sie hier\naufgenommen wurden. Solche Links, die zu fremden Webprojekten f\u00fchren, erkennen\nSie daran: Neues Browserfenster<\/p>\n\n\n\n<p>Diensteanbieter: TExT Frankfurt &#8211; Manuela Blume<\/p>\n\n\n\n<p>Verantwortliche Ansprechperson: Manuela Blume<\/p>\n\n\n\n<p>Anschrift: Fuchstanzstra\u00dfe 20, 60489 Frankfurt am Main<\/p>\n\n\n\n<p>elektronische Postadresse: info@text-frankfurt.de<\/p>\n\n\n\n<p>Schnelle und unmittelbare Kommunikation: +49 &#8211; 69 &#8211; 34700530<\/p>\n\n\n\n<p>Zweck dieses Webprojektes: Informationen \u00fcber das Sprachinstitut T.Ex.T Frankfurt Manuela Blume und seine Angebote<\/p>\n\n\n\n<p>Journalistisch-redaktionelle Verantwortung : Manuela Blume<\/p>\n\n\n\n<p>Urheberschutz und Nutzung<\/p>\n\n\n\n<p>Der Urheber r\u00e4umt Ihnen ganz konkret das Nutzungsrecht ein,\nsich eine private Kopie f\u00fcr pers\u00f6nliche Zwecke anzufertigen. Nicht berechtigt\nsind Sie dagegen, die Materialien zu ver\u00e4ndern und \/oder weiter zu geben oder\ngar selbst zu ver\u00f6ffentlichen.<\/p>\n\n\n\n<p>Wenn nicht ausdr\u00fccklich anders vermerkt, liegen die Urheberrechte f\u00fcr Texte bei: T.Ex.T Frankfurt Manuela Blume<\/p>\n\n\n\n<p>Die meisten Illustrationen unterliegen den Urheberrechten von: T.Ex.T Frankfurt Manuela Blume<\/p>\n\n\n\n<p>Datenschutz Personenbezogene Daten werden nur mit Ihrem\nWissen und Ihrer Einwilligung erhoben. Auf Antrag erhalten Sie unentgeltlich\nAuskunft zu den \u00fcber Sie gespeicherten personenbezogenen Daten. Wenden Sie sich\ndazu bitte an: Manuela Blume, info@text-frankfurt.de. Beachten Sie unsere\nDatenschutzerkl\u00e4rung<\/p>\n\n\n\n<p>Keine Haftung: Die Inhalte dieses Webprojektes wurden\nsorgf\u00e4ltig gepr\u00fcft und nach bestem Wissen erstellt. Aber f\u00fcr die hier\ndargebotenen Informationen wird kein Anspruch auf Vollst\u00e4ndigkeit, Aktualit\u00e4t,\nQualit\u00e4t und Richtigkeit erhoben. Es kann keine Verantwortung f\u00fcr Sch\u00e4den\n\u00fcbernommen werden, die durch das Vertrauen auf die Inhalte dieser Website oder\nderen Gebrauch entstehen.<\/p>\n\n\n\n<p>Schutzrechtsverletzung: Falls Sie vermuten, dass von dieser\nWebsite aus eines Ihrer Schutzrechte verletzt wird, teilen Sie das bitte\numgehend per elektronischer Post mit, damit z\u00fcgig Abhilfe geschafft werden\nkann. Bitte nehmen Sie zur Kenntnis: Die zeitaufw\u00e4ndigere Einschaltung eines\nAnwaltes zur f\u00fcr den Diensteanbieter kostenpflichtigen Abmahnung entspricht\nnicht dessen wirklichen oder mutma\u00dflichen Willen.<\/p>\n\n\n\n<p>F\u00fcr weitere Informationen stehen wir Ihnen jederzeit gerne\nzur Verf\u00fcgung. Rufen Sie uns an oder senden Sie uns eine e-mail<\/p>\n","protected":false},"excerpt":{"rendered":"<p>Gem\u00e4\u00df \u00a7 28 BDSG widerspreche ich jeder kommerziellen Verwendung und Weitergabe meiner Daten. Verantwortungsbereich: Das Impressum gilt nur f\u00fcr die Internetpr\u00e4senz unter der Adresse: http:\/\/www.text-frankfurt.de sowie https:\/\/sprachschuletextfrankfurt.wordpress.com\/ Abgrenzung: Die Web-Pr\u00e4senz ist Teil des WWW und dementsprechend mit fremden, sich jederzeit wandeln k\u00f6nnenden Web-Sites verkn\u00fcpft, die folglich auch nicht diesem Verantwortungsbereich unterliegen und f\u00fcr die nachfolgende&hellip; <a class=\"more-link\" href=\"https:\/\/text-frankfurt.de\/?page_id=171\"><span class=\"screen-reader-text\">Impressum<\/span> weiterlesen <span class=\"meta-nav\" aria-hidden=\"true\">&rarr;<\/span><\/a><\/p>\n","protected":false},"author":1,"featured_media":0,"parent":0,"menu_order":0,"comment_status":"closed","ping_status":"closed","template":"","meta":{"footnotes":""},"class_list":["post-171","page","type-page","status-publish","hentry"],"_links":{"self":[{"href":"https:\/\/text-frankfurt.de\/index.php?rest_route=\/wp\/v2\/pages\/171","targetHints":{"allow":["GET"]}}],"collection":[{"href":"https:\/\/text-frankfurt.de\/index.php?rest_route=\/wp\/v2\/pages"}],"about":[{"href":"https:\/\/text-frankfurt.de\/index.php?rest_route=\/wp\/v2\/types\/page"}],"author":[{"embeddable":true,"href":"https:\/\/text-frankfurt.de\/index.php?rest_route=\/wp\/v2\/users\/1"}],"replies":[{"embeddable":true,"href":"https:\/\/text-frankfurt.de\/index.php?rest_route=%2Fwp%2Fv2%2Fcomments&post=171"}],"version-history":[{"count":0,"href":"https:\/\/text-frankfurt.de\/index.php?rest_route=\/wp\/v2\/pages\/171\/revisions"}],"wp:attachment":[{"href":"https:\/\/text-frankfurt.de\/index.php?rest_route=%2Fwp%2Fv2%2Fmedia&parent=171"}],"curies":[{"name":"wp","href":"https:\/\/api.w.org\/{rel}","templated":true}]}}