{"id":163,"date":"2019-03-15T19:28:31","date_gmt":"2019-03-15T18:28:31","guid":{"rendered":"https:\/\/sprachschuletextfrankfurt.wordpress.com\/?page_id=163"},"modified":"2019-03-15T19:28:31","modified_gmt":"2019-03-15T18:28:31","slug":"wir-ueber-uns","status":"publish","type":"page","link":"https:\/\/text-frankfurt.de\/?page_id=163","title":{"rendered":"Wir \u00fcber uns"},"content":{"rendered":"\n<h2 class=\"wp-block-heading\">Ihre Sprachschule passend zu ihren Bed\u00fcrfnissen<\/h2>\n\n\n\n<p>T.Ex.T. wurde hier in Frankfurt &#8211; der Finanz- und Wirtschaftsmetropole Deutschlands &#8211; im Jahre 1996 gegr\u00fcndet. Seit 1998 ist Manuela Blume Gesch\u00e4ftsinhaberin und Leiterin von T.Ex.T.<\/p>\n\n\n\n<p>Wir haben uns bei T.Ex.T. auf die Arbeit mit internationalen\nF\u00fchrungskr\u00e4ften spezialisiert und bieten unserer Klientel ein individuell\nzugeschnittenes Lernprogramm f\u00fcr Deutsch und inzwischen auch f\u00fcr Englisch und\nFranz\u00f6sisch an. Qualitativ hochwertiger Unterricht, abgestimmt auf Ihren\nLerntyp und die von Ihnen gew\u00fcnschten Inhalte, geh\u00f6rt zu unserem bew\u00e4hrten\nRezept. Die vergangenen Jahre haben gezeigt, dass unser Angebot auf fruchtbaren\nBoden f\u00e4llt.<\/p>\n\n\n\n<p>Die angenehme Lernatmosph\u00e4re an unserem zentral gelegenen\nStandort tr\u00e4gt ein \u00dcbriges zu Ihrem Erfolg bei. Wenn Sie einen Intensivkurs\ngebucht haben, k\u00f6nnen Sie in unmittelbarer N\u00e4he zu unserem Institut in einem\nkleinen famili\u00e4ren Hotel \u00fcbernachten. Wir sind Ihnen nat\u00fcrlich auch gerne\nbehilflich, wenn Sie eine andere \u00dcbernachtungsm\u00f6glichkeit w\u00e4hlen m\u00f6chten.<\/p>\n\n\n\n<p>Uns liegt jedoch nicht nur Ihr sprachliches Vorankommen am\nHerzen: Sie und Ihre Familie in der neuen Wahlheimat zu unterst\u00fctzen, ist uns\nebenso wichtig. So haben wir auch Spouse- und Kinder-Kurse in unserem Programm\nund hoffen, auch f\u00fcr die Angeh\u00f6rigen der Expats eine (Sprach-)Br\u00fccke zu bauen.<\/p>\n\n\n\n<p>In unserem Team treffen Sie nicht nur kompetente und\nengagierte, sondern auch ganz besonders nette und verst\u00e4ndnisvolle Menschen,\ndie Ihnen gerne zur Seite stehen.\n\n\n\n\u00dcberzeugen Sie sich selbst davon!\n\n\n\n<\/p>\n","protected":false},"excerpt":{"rendered":"<p>Ihre Sprachschule passend zu ihren Bed\u00fcrfnissen T.Ex.T. wurde hier in Frankfurt &#8211; der Finanz- und Wirtschaftsmetropole Deutschlands &#8211; im Jahre 1996 gegr\u00fcndet. Seit 1998 ist Manuela Blume Gesch\u00e4ftsinhaberin und Leiterin von T.Ex.T. Wir haben uns bei T.Ex.T. auf die Arbeit mit internationalen F\u00fchrungskr\u00e4ften spezialisiert und bieten unserer Klientel ein individuell zugeschnittenes Lernprogramm f\u00fcr Deutsch und&hellip; <a class=\"more-link\" href=\"https:\/\/text-frankfurt.de\/?page_id=163\"><span class=\"screen-reader-text\">Wir \u00fcber uns<\/span> weiterlesen <span class=\"meta-nav\" aria-hidden=\"true\">&rarr;<\/span><\/a><\/p>\n","protected":false},"author":1,"featured_media":0,"parent":0,"menu_order":0,"comment_status":"closed","ping_status":"closed","template":"","meta":{"footnotes":""},"class_list":["post-163","page","type-page","status-publish","hentry"],"_links":{"self":[{"href":"https:\/\/text-frankfurt.de\/index.php?rest_route=\/wp\/v2\/pages\/163","targetHints":{"allow":["GET"]}}],"collection":[{"href":"https:\/\/text-frankfurt.de\/index.php?rest_route=\/wp\/v2\/pages"}],"about":[{"href":"https:\/\/text-frankfurt.de\/index.php?rest_route=\/wp\/v2\/types\/page"}],"author":[{"embeddable":true,"href":"https:\/\/text-frankfurt.de\/index.php?rest_route=\/wp\/v2\/users\/1"}],"replies":[{"embeddable":true,"href":"https:\/\/text-frankfurt.de\/index.php?rest_route=%2Fwp%2Fv2%2Fcomments&post=163"}],"version-history":[{"count":0,"href":"https:\/\/text-frankfurt.de\/index.php?rest_route=\/wp\/v2\/pages\/163\/revisions"}],"wp:attachment":[{"href":"https:\/\/text-frankfurt.de\/index.php?rest_route=%2Fwp%2Fv2%2Fmedia&parent=163"}],"curies":[{"name":"wp","href":"https:\/\/api.w.org\/{rel}","templated":true}]}}