{"id":154,"date":"2019-03-15T19:17:15","date_gmt":"2019-03-15T18:17:15","guid":{"rendered":"https:\/\/sprachschuletextfrankfurt.wordpress.com\/?page_id=154"},"modified":"2019-07-29T19:32:27","modified_gmt":"2019-07-29T19:32:27","slug":"t-ex-t-manuela-blume","status":"publish","type":"page","link":"https:\/\/text-frankfurt.de\/","title":{"rendered":"T.Ex.T. Manuela Blume"},"content":{"rendered":"\n<h3 class=\"wp-block-heading\">Sprach- und Wirtschaftstraining f\u00fcr internationale F\u00fchrungskr\u00e4fte und deren Familien in Frankfurt am Main &#8211; Frankfurt based language training including business language tuition tailored to international top executives <\/h3>\n\n\n\n<table class=\"wp-block-table\"><tbody><tr><td>  <br> <br><strong>Postadresse<\/strong><br>T.Ex.T. Frankfurt &#8211;&nbsp;<br>Manuela Blume<br>Fuchstanzstra\u00dfe 20<br>D &#8211; 60489 Frankfurt am Main<br><br><strong>Telefon<\/strong><br>(+49) 69 &#8211; 34700530<br><br><strong>E-Mail<\/strong><br>Allgemeine Informationen:&nbsp;<a href=\"mailto:info@text-frankfurt.de\">info@text-frankfurt.de<\/a> <p align=\"center\"><\/p><\/td><\/tr><\/tbody><\/table>\n","protected":false},"excerpt":{"rendered":"<p>Sprach- und Wirtschaftstraining f\u00fcr internationale F\u00fchrungskr\u00e4fte und deren Familien in Frankfurt am Main &#8211; Frankfurt based language training including business language tuition tailored to international top executives PostadresseT.Ex.T. Frankfurt &#8211;&nbsp;Manuela BlumeFuchstanzstra\u00dfe 20D &#8211; 60489 Frankfurt am Main Telefon(+49) 69 &#8211; 34700530 E-MailAllgemeine Informationen:&nbsp;info@text-frankfurt.de<\/p>\n","protected":false},"author":1,"featured_media":0,"parent":0,"menu_order":0,"comment_status":"closed","ping_status":"closed","template":"","meta":{"footnotes":""},"class_list":["post-154","page","type-page","status-publish","hentry"],"_links":{"self":[{"href":"https:\/\/text-frankfurt.de\/index.php?rest_route=\/wp\/v2\/pages\/154","targetHints":{"allow":["GET"]}}],"collection":[{"href":"https:\/\/text-frankfurt.de\/index.php?rest_route=\/wp\/v2\/pages"}],"about":[{"href":"https:\/\/text-frankfurt.de\/index.php?rest_route=\/wp\/v2\/types\/page"}],"author":[{"embeddable":true,"href":"https:\/\/text-frankfurt.de\/index.php?rest_route=\/wp\/v2\/users\/1"}],"replies":[{"embeddable":true,"href":"https:\/\/text-frankfurt.de\/index.php?rest_route=%2Fwp%2Fv2%2Fcomments&post=154"}],"version-history":[{"count":1,"href":"https:\/\/text-frankfurt.de\/index.php?rest_route=\/wp\/v2\/pages\/154\/revisions"}],"predecessor-version":[{"id":221,"href":"https:\/\/text-frankfurt.de\/index.php?rest_route=\/wp\/v2\/pages\/154\/revisions\/221"}],"wp:attachment":[{"href":"https:\/\/text-frankfurt.de\/index.php?rest_route=%2Fwp%2Fv2%2Fmedia&parent=154"}],"curies":[{"name":"wp","href":"https:\/\/api.w.org\/{rel}","templated":true}]}}